{"id":876,"date":"2020-06-16T13:11:48","date_gmt":"2020-06-16T11:11:48","guid":{"rendered":"https:\/\/fotostudio-behavy.at\/?page_id=876"},"modified":"2020-07-20T16:41:30","modified_gmt":"2020-07-20T14:41:30","slug":"training","status":"publish","type":"page","link":"https:\/\/www.fotostudio-behavy.at\/en\/photo\/training\/","title":{"rendered":"Training"},"content":{"rendered":"\n<h3 class=\"wp-block-heading\"><span class=\"xr_tl xr_s2\" style=\"top: -17px;\">Nicht Wissen ist keine Bringschuld sondern eine Holschuld!<\/span><\/h3>\n\n\n\n<h4 class=\"wp-block-heading\">&nbsp;<\/h4>\n\n\n\n<h4 class=\"wp-block-heading\"><span class=\"xr_tl xr_s2\" style=\"top: -17px;\">Basic workshop for you and your camera.<\/span><\/h4>\n\n\n\n<h3 class=\"wp-block-heading\"><span class=\"xr_tl xr_s2\" style=\"top: -17px;\"><img loading=\"lazy\" decoding=\"async\" class=\" size-full wp-image-52\" src=\"https:\/\/fotostudio-behavy.at\/wp-content\/uploads\/2016\/02\/per_du.jpg\" alt=\"\" width=\"626\" height=\"226\" srcset=\"https:\/\/www.fotostudio-behavy.at\/wp-content\/uploads\/2016\/02\/per_du.jpg 1108w, https:\/\/www.fotostudio-behavy.at\/wp-content\/uploads\/2016\/02\/per_du-400x144.jpg 400w, https:\/\/www.fotostudio-behavy.at\/wp-content\/uploads\/2016\/02\/per_du-768x277.jpg 768w, https:\/\/www.fotostudio-behavy.at\/wp-content\/uploads\/2016\/02\/per_du-800x289.jpg 800w\" sizes=\"(max-width: 626px) 100vw, 626px\" \/><\/span><\/h3>\n\n\n\n<p>Almost everyone has a camera nowadays \u2013 be it \u201conly\u201d the integrated cameras in their mobile phone. What I have found is that many people mostly use the automatic settings.<\/p>\n\n\n\n<p>If you are familiar with terms such as \u2013 ISO- aperture-focal length- TV-AV-BLZ-depth of field-guide number- luminous intensity- focal point-APS_C- full format E_TTL-automatic programming-JPG-RAW, this training session is the right one for you. After a few general introductory theories from me, we will discuss the things you want to know. Take your questionnaire with you.<\/p>\n\n\n\n<ul><li>Duration: about 90 minutes (without a break)<\/li><li>Training fee: \u20ac 28, &#8211; per person<\/li><li>Minimum number of participants: 5 person<\/li><li>Individual training: \u20ac 56,-\/hour<\/li><\/ul>\n\n\n\n<h4 class=\"wp-block-heading\">&nbsp;<\/h4>\n\n\n\n<h4 class=\"wp-block-heading\"><span class=\"xr_tl xr_s2\" style=\"top: -17px;\">Den Betrachter f\u00fchren<br><\/span><\/h4>\n\n\n\n<p><span lang=\"DE-AT\">Nimm den Betrachter an der Hand und f\u00fchre ihn durch deine Aufnahme.<br><\/span><\/p>\n\n\n\n<p><span lang=\"DE-AT\">Der Zuseher will und mu\u00df gef\u00fchrt werden wie ein kleines Kind, das am Anfang eines Weges steht und nicht wei\u00df, wo es hin geht. Wenn dieser nicht gef\u00fchrt wird, verliert er sich. So wie das Kind, das nie ans Ziel kommt! <\/span><\/p>\n\n\n\n<p><span lang=\"DE-AT\">With very simple optical tricks and tips, we can lead the viewer consciously to the important image content<\/span><\/p>\n\n\n\n<ul><li>Duration: about 60 minutes<\/li><li>Training fee: \u20ac 22,- per person<\/li><li>Minimum number of participants : 5 person<\/li><li>Individual training: \u20ac 44,- \/hour<\/li><\/ul>\n\n\n\n<h4 class=\"wp-block-heading\"><span class=\"xr_tl xr_s2\" style=\"left: 302px; top: 285px;\">Basic seminar: Portrait photography<\/span><\/h4>\n\n\n\n<p><span class=\"xr_tl xr_s2\" style=\"left: 302px; top: 285px;\">What exactly is a portrait? How do I make it perfect? What does the light set up look like? What is the best way to show yourself? How do I deal with the model? Which light formers are there? This seminar is more about theory then about practice. It would be good to combine this basic seminar with the \u201cbasic workshop for you and your camera\u201d. Topics such as aperture, exposure time, focal length, focus type are assumed to be known and addressed only marginally.<\/span><\/p>\n\n\n\n<ul><li>Duration: about 60 minutes<\/li><li>Training fee: \u20ac 22,- per person<\/li><li>Minimum number of participants: 5 person<\/li><li>Individual training: \u20ac 44,- \/hour<\/li><\/ul>\n\n\n\n<h4 class=\"wp-block-heading\"><span class=\"xr_tl xr_s2\" style=\"left: 302px; top: 285px;\">Advanced seminar: Portrait photography<\/span><\/h4>\n\n\n\n<p><span class=\"xr_tl xr_s2\" style=\"left: 302px; top: 285px;\">Now it\u2019s getting serious. In the studio you will deal with a real model. Together we will go through the different light situations: Everyone will use his\/her own camera. The handling of models and technology will be trained here. The basic seminar as well as good knowledge of your camera and understanding of histograms are required.<\/span><\/p>\n\n\n\n<ul><li>Duration: about 90 minutes<\/li><li>Training fee: \u20ac 34, &#8211; per persons<\/li><li>Minimum number of participants: 2 person<\/li><li>Maximum number of participants 4 person<\/li><li>Individual training: \u20ac 75, &#8211; \/hour<\/li><li>Expenses allowance of the model: \u20ac 15, &#8211; per participant<\/li><\/ul>\n\n\n\n<h4 class=\"wp-block-heading\"><span class=\"xr_tl xr_s2\" style=\"left: 302px; top: 285px;\">Seminars for schools<\/span><\/h4>\n\n\n\n<p><span class=\"xr_tl xr_s2\" style=\"top: 113px;\">Together with the school we organize excursions, workshops or support for school projects.<\/span><\/p>\n","protected":false},"excerpt":{"rendered":"<p>Nicht Wissen ist keine Bringschuld sondern eine Holschuld! &nbsp; Basic workshop for you and your camera. Almost everyone has a camera nowadays \u2013 be it \u201conly\u201d the integrated cameras in their mobile phone. What I have found is that many people mostly use the automatic settings. If you are familiar with terms such as \u2013 &#8230; <a title=\"Training\" class=\"read-more\" href=\"https:\/\/www.fotostudio-behavy.at\/en\/photo\/training\/\" aria-label=\"More on Training\">Read more<\/a><\/p>\n","protected":false},"author":5,"featured_media":620,"parent":842,"menu_order":23,"comment_status":"closed","ping_status":"closed","template":"","meta":{"advgb_blocks_editor_width":"","advgb_blocks_columns_visual_guide":"","footnotes":""},"yoast_head":"<!-- This site is optimized with the Yoast SEO plugin v24.5 - https:\/\/yoast.com\/wordpress\/plugins\/seo\/ -->\n<title>Training - Fotostudio Behavy<\/title>\n<meta name=\"robots\" content=\"index, follow, max-snippet:-1, max-image-preview:large, max-video-preview:-1\" \/>\n<link rel=\"canonical\" href=\"https:\/\/www.fotostudio-behavy.at\/en\/photo\/training\/\" \/>\n<meta property=\"og:locale\" content=\"en_US\" \/>\n<meta property=\"og:type\" content=\"article\" \/>\n<meta property=\"og:title\" content=\"Training - Fotostudio Behavy\" \/>\n<meta property=\"og:description\" content=\"Nicht Wissen ist keine Bringschuld sondern eine Holschuld! &nbsp; Basic workshop for you and your camera. Almost everyone has a camera nowadays \u2013 be it \u201conly\u201d the integrated cameras in their mobile phone. What I have found is that many people mostly use the automatic settings. If you are familiar with terms such as \u2013 ... Read more\" \/>\n<meta property=\"og:url\" content=\"https:\/\/www.fotostudio-behavy.at\/en\/photo\/training\/\" \/>\n<meta property=\"og:site_name\" content=\"Fotostudio Behavy\" \/>\n<meta property=\"article:modified_time\" content=\"2020-07-20T14:41:30+00:00\" \/>\n<meta property=\"og:image\" content=\"https:\/\/www.fotostudio-behavy.at\/wp-content\/uploads\/2016\/02\/per_du.jpg\" \/>\n\t<meta property=\"og:image:width\" content=\"1108\" \/>\n\t<meta property=\"og:image:height\" content=\"400\" \/>\n\t<meta property=\"og:image:type\" content=\"image\/jpeg\" \/>\n<meta name=\"twitter:card\" content=\"summary_large_image\" \/>\n<meta name=\"twitter:label1\" content=\"Est. reading time\" \/>\n\t<meta name=\"twitter:data1\" content=\"2 minutes\" \/>\n<script type=\"application\/ld+json\" class=\"yoast-schema-graph\">{\"@context\":\"https:\/\/schema.org\",\"@graph\":[{\"@type\":\"WebPage\",\"@id\":\"https:\/\/www.fotostudio-behavy.at\/en\/photo\/training\/\",\"url\":\"https:\/\/www.fotostudio-behavy.at\/en\/photo\/training\/\",\"name\":\"Training - Fotostudio Behavy\",\"isPartOf\":{\"@id\":\"https:\/\/www.fotostudio-behavy.at\/#website\"},\"primaryImageOfPage\":{\"@id\":\"https:\/\/www.fotostudio-behavy.at\/en\/photo\/training\/#primaryimage\"},\"image\":{\"@id\":\"https:\/\/www.fotostudio-behavy.at\/en\/photo\/training\/#primaryimage\"},\"thumbnailUrl\":\"https:\/\/www.fotostudio-behavy.at\/wp-content\/uploads\/2016\/02\/per_du.jpg\",\"datePublished\":\"2020-06-16T11:11:48+00:00\",\"dateModified\":\"2020-07-20T14:41:30+00:00\",\"breadcrumb\":{\"@id\":\"https:\/\/www.fotostudio-behavy.at\/en\/photo\/training\/#breadcrumb\"},\"inLanguage\":\"en-US\",\"potentialAction\":[{\"@type\":\"ReadAction\",\"target\":[\"https:\/\/www.fotostudio-behavy.at\/en\/photo\/training\/\"]}]},{\"@type\":\"ImageObject\",\"inLanguage\":\"en-US\",\"@id\":\"https:\/\/www.fotostudio-behavy.at\/en\/photo\/training\/#primaryimage\",\"url\":\"https:\/\/www.fotostudio-behavy.at\/wp-content\/uploads\/2016\/02\/per_du.jpg\",\"contentUrl\":\"https:\/\/www.fotostudio-behavy.at\/wp-content\/uploads\/2016\/02\/per_du.jpg\",\"width\":1108,\"height\":400},{\"@type\":\"BreadcrumbList\",\"@id\":\"https:\/\/www.fotostudio-behavy.at\/en\/photo\/training\/#breadcrumb\",\"itemListElement\":[{\"@type\":\"ListItem\",\"position\":1,\"name\":\"Startseite\",\"item\":\"https:\/\/www.fotostudio-behavy.at\/en\/\"},{\"@type\":\"ListItem\",\"position\":2,\"name\":\"Photo\",\"item\":\"https:\/\/www.fotostudio-behavy.at\/en\/photo\/\"},{\"@type\":\"ListItem\",\"position\":3,\"name\":\"Training\"}]},{\"@type\":\"WebSite\",\"@id\":\"https:\/\/www.fotostudio-behavy.at\/#website\",\"url\":\"https:\/\/www.fotostudio-behavy.at\/\",\"name\":\"Fotostudio Behavy\",\"description\":\"Das freundliche Fotostudio in Floridsdorf\",\"publisher\":{\"@id\":\"https:\/\/www.fotostudio-behavy.at\/#organization\"},\"potentialAction\":[{\"@type\":\"SearchAction\",\"target\":{\"@type\":\"EntryPoint\",\"urlTemplate\":\"https:\/\/www.fotostudio-behavy.at\/?s={search_term_string}\"},\"query-input\":{\"@type\":\"PropertyValueSpecification\",\"valueRequired\":true,\"valueName\":\"search_term_string\"}}],\"inLanguage\":\"en-US\"},{\"@type\":\"Organization\",\"@id\":\"https:\/\/www.fotostudio-behavy.at\/#organization\",\"name\":\"Fotostudio Behavy\",\"url\":\"https:\/\/www.fotostudio-behavy.at\/\",\"logo\":{\"@type\":\"ImageObject\",\"inLanguage\":\"en-US\",\"@id\":\"https:\/\/www.fotostudio-behavy.at\/#\/schema\/logo\/image\/\",\"url\":\"https:\/\/www.fotostudio-behavy.at\/wp-content\/uploads\/2019\/07\/fotostudio-logo-small.png\",\"contentUrl\":\"https:\/\/www.fotostudio-behavy.at\/wp-content\/uploads\/2019\/07\/fotostudio-logo-small.png\",\"width\":213,\"height\":70,\"caption\":\"Fotostudio Behavy\"},\"image\":{\"@id\":\"https:\/\/www.fotostudio-behavy.at\/#\/schema\/logo\/image\/\"}}]}<\/script>\n<!-- \/ Yoast SEO plugin. -->","yoast_head_json":{"title":"Training - Fotostudio Behavy","robots":{"index":"index","follow":"follow","max-snippet":"max-snippet:-1","max-image-preview":"max-image-preview:large","max-video-preview":"max-video-preview:-1"},"canonical":"https:\/\/www.fotostudio-behavy.at\/en\/photo\/training\/","og_locale":"en_US","og_type":"article","og_title":"Training - Fotostudio Behavy","og_description":"Nicht Wissen ist keine Bringschuld sondern eine Holschuld! &nbsp; Basic workshop for you and your camera. Almost everyone has a camera nowadays \u2013 be it \u201conly\u201d the integrated cameras in their mobile phone. What I have found is that many people mostly use the automatic settings. If you are familiar with terms such as \u2013 ... Read more","og_url":"https:\/\/www.fotostudio-behavy.at\/en\/photo\/training\/","og_site_name":"Fotostudio Behavy","article_modified_time":"2020-07-20T14:41:30+00:00","og_image":[{"width":1108,"height":400,"url":"https:\/\/www.fotostudio-behavy.at\/wp-content\/uploads\/2016\/02\/per_du.jpg","type":"image\/jpeg"}],"twitter_card":"summary_large_image","twitter_misc":{"Est. reading time":"2 minutes"},"schema":{"@context":"https:\/\/schema.org","@graph":[{"@type":"WebPage","@id":"https:\/\/www.fotostudio-behavy.at\/en\/photo\/training\/","url":"https:\/\/www.fotostudio-behavy.at\/en\/photo\/training\/","name":"Training - Fotostudio Behavy","isPartOf":{"@id":"https:\/\/www.fotostudio-behavy.at\/#website"},"primaryImageOfPage":{"@id":"https:\/\/www.fotostudio-behavy.at\/en\/photo\/training\/#primaryimage"},"image":{"@id":"https:\/\/www.fotostudio-behavy.at\/en\/photo\/training\/#primaryimage"},"thumbnailUrl":"https:\/\/www.fotostudio-behavy.at\/wp-content\/uploads\/2016\/02\/per_du.jpg","datePublished":"2020-06-16T11:11:48+00:00","dateModified":"2020-07-20T14:41:30+00:00","breadcrumb":{"@id":"https:\/\/www.fotostudio-behavy.at\/en\/photo\/training\/#breadcrumb"},"inLanguage":"en-US","potentialAction":[{"@type":"ReadAction","target":["https:\/\/www.fotostudio-behavy.at\/en\/photo\/training\/"]}]},{"@type":"ImageObject","inLanguage":"en-US","@id":"https:\/\/www.fotostudio-behavy.at\/en\/photo\/training\/#primaryimage","url":"https:\/\/www.fotostudio-behavy.at\/wp-content\/uploads\/2016\/02\/per_du.jpg","contentUrl":"https:\/\/www.fotostudio-behavy.at\/wp-content\/uploads\/2016\/02\/per_du.jpg","width":1108,"height":400},{"@type":"BreadcrumbList","@id":"https:\/\/www.fotostudio-behavy.at\/en\/photo\/training\/#breadcrumb","itemListElement":[{"@type":"ListItem","position":1,"name":"Startseite","item":"https:\/\/www.fotostudio-behavy.at\/en\/"},{"@type":"ListItem","position":2,"name":"Photo","item":"https:\/\/www.fotostudio-behavy.at\/en\/photo\/"},{"@type":"ListItem","position":3,"name":"Training"}]},{"@type":"WebSite","@id":"https:\/\/www.fotostudio-behavy.at\/#website","url":"https:\/\/www.fotostudio-behavy.at\/","name":"Fotostudio Behavy","description":"Das freundliche Fotostudio in Floridsdorf","publisher":{"@id":"https:\/\/www.fotostudio-behavy.at\/#organization"},"potentialAction":[{"@type":"SearchAction","target":{"@type":"EntryPoint","urlTemplate":"https:\/\/www.fotostudio-behavy.at\/?s={search_term_string}"},"query-input":{"@type":"PropertyValueSpecification","valueRequired":true,"valueName":"search_term_string"}}],"inLanguage":"en-US"},{"@type":"Organization","@id":"https:\/\/www.fotostudio-behavy.at\/#organization","name":"Fotostudio Behavy","url":"https:\/\/www.fotostudio-behavy.at\/","logo":{"@type":"ImageObject","inLanguage":"en-US","@id":"https:\/\/www.fotostudio-behavy.at\/#\/schema\/logo\/image\/","url":"https:\/\/www.fotostudio-behavy.at\/wp-content\/uploads\/2019\/07\/fotostudio-logo-small.png","contentUrl":"https:\/\/www.fotostudio-behavy.at\/wp-content\/uploads\/2019\/07\/fotostudio-logo-small.png","width":213,"height":70,"caption":"Fotostudio Behavy"},"image":{"@id":"https:\/\/www.fotostudio-behavy.at\/#\/schema\/logo\/image\/"}}]}},"coauthors":[],"author_meta":{"author_link":"https:\/\/www.fotostudio-behavy.at\/en\/author\/pbehavy\/","display_name":"Peter Behavy"},"relative_dates":{"created":"Posted 6 years ago","modified":"Updated 6 years ago"},"absolute_dates":{"created":"Posted on 16. June 2020","modified":"Updated on 20. July 2020"},"absolute_dates_time":{"created":"Posted on 16. June 2020 13:11","modified":"Updated on 20. July 2020 16:41"},"featured_img_caption":"","featured_img":"https:\/\/www.fotostudio-behavy.at\/wp-content\/uploads\/2016\/02\/per_du.jpg","series_order":"","_links":{"self":[{"href":"https:\/\/www.fotostudio-behavy.at\/en\/wp-json\/wp\/v2\/pages\/876"}],"collection":[{"href":"https:\/\/www.fotostudio-behavy.at\/en\/wp-json\/wp\/v2\/pages"}],"about":[{"href":"https:\/\/www.fotostudio-behavy.at\/en\/wp-json\/wp\/v2\/types\/page"}],"author":[{"embeddable":true,"href":"https:\/\/www.fotostudio-behavy.at\/en\/wp-json\/wp\/v2\/users\/5"}],"replies":[{"embeddable":true,"href":"https:\/\/www.fotostudio-behavy.at\/en\/wp-json\/wp\/v2\/comments?post=876"}],"version-history":[{"count":2,"href":"https:\/\/www.fotostudio-behavy.at\/en\/wp-json\/wp\/v2\/pages\/876\/revisions"}],"predecessor-version":[{"id":1184,"href":"https:\/\/www.fotostudio-behavy.at\/en\/wp-json\/wp\/v2\/pages\/876\/revisions\/1184"}],"up":[{"embeddable":true,"href":"https:\/\/www.fotostudio-behavy.at\/en\/wp-json\/wp\/v2\/pages\/842"}],"wp:featuredmedia":[{"embeddable":true,"href":"https:\/\/www.fotostudio-behavy.at\/en\/wp-json\/wp\/v2\/media\/620"}],"wp:attachment":[{"href":"https:\/\/www.fotostudio-behavy.at\/en\/wp-json\/wp\/v2\/media?parent=876"}],"curies":[{"name":"wp","href":"https:\/\/api.w.org\/{rel}","templated":true}]}}