{"id":829,"date":"2020-06-15T17:22:56","date_gmt":"2020-06-15T15:22:56","guid":{"rendered":"https:\/\/fotostudio-behavy.at\/?page_id=829"},"modified":"2023-01-09T14:02:21","modified_gmt":"2023-01-09T13:02:21","slug":"imprint","status":"publish","type":"page","link":"https:\/\/www.fotostudio-behavy.at\/en\/imprint\/","title":{"rendered":"Imprint"},"content":{"rendered":"\n<h1 class=\"wp-block-heading\">Fotostudio Behavy &#8211; Floridofilm e.U.<\/h1>\n\n\n\n<h2 class=\"wp-block-heading\">Owner: Peter C. Behavy<\/h2>\n\n\n\n<h3 class=\"wp-block-heading\">Invoice address:&nbsp;&nbsp; 1210 Wien, Jedlersdorferstra\u00dfe 294\/2\/R04<\/h3>\n\n\n\n<h3 class=\"wp-block-heading\">Business address: 1210 Wien, Kummergasse 2\/2\/R04<\/h3>\n\n\n\n<figure class=\"wp-block-image\"><img loading=\"lazy\" decoding=\"async\" width=\"600\" height=\"400\" src=\"https:\/\/www.fotostudio-behavy.at\/wp-content\/uploads\/2016\/02\/Behavy07.jpg\" alt=\"\" class=\"wp-image-624\" srcset=\"https:\/\/www.fotostudio-behavy.at\/wp-content\/uploads\/2016\/02\/Behavy07.jpg 600w, https:\/\/www.fotostudio-behavy.at\/wp-content\/uploads\/2016\/02\/Behavy07-400x267.jpg 400w\" sizes=\"(max-width: 600px) 100vw, 600px\" \/><\/figure>\n\n\n\n<p>Telephone: <a href=\"tel:+4319746899\">+43 (0)1\/974-68-99<\/a><br>E-Mail: <a href=\"mailto:info@fotostudio-behavy.at\">info@fotostudio-behavy.at<\/a><br>UID-Nummer: ATU58945226<br>DV-Nummer: 3003636<br>Company Directory number: FN 329405 w<br>Place of jurisdiction: Vienna<\/p>\n\n\n\n<p>Member of the chamber of commerce:<br>Federal Guild of Austrian Professional Photographers<br><span id=\"ctl00_ContentPlaceHolder1_mitgliederBranchen_kammerRepeater_ctl00_fachgruppen_ctl01_additionalInfoLabel_DescriptionLabel\">FG Advertising and Market Communication<\/span> <br>Commercial sector other than regulated commercial sector<br><\/p>\n\n\n\n<p><span id=\"ctl00_ContentPlaceHolder1_mitgliederBranchen_kammerRepeater_ctl00_fachgruppen_ctl01_additionalInfoLabel_DescriptionLabel\"><strong>Gisa-<strong>numbers<\/strong>:<\/strong>\u00a0 25396966, 25342192<\/span>, 3329584<\/p>\n\n\n\n<h4 class=\"wp-block-heading\"><strong><strong>Bank Details<\/strong>:<\/strong><br>Erste Bank &#8211; IBAN AT15 2011 1827 4947 7500<\/h4>\n\n\n\n<p><strong>Responsible for the content: Peter C. Behavy<\/strong><\/p>\n\n\n\n<h4 class=\"wp-block-heading\"><strong><strong>Copyright<\/strong><br><\/strong>None of the works depictured here on this site are allowed to be reproduced in any form without permission or saved, processed, duplicated or distributed using electronic systems.<\/h4>\n\n\n\n<h4 class=\"wp-block-heading\"><strong><strong>Equal treatment<\/strong><br><\/strong>SInsofar as personal names in male form are mentioned on this pages of our website, they refer to women and men in the same way.<\/h4>\n\n\n\n<h4 class=\"wp-block-heading\"><strong>Basic direction of the medium<br><\/strong>This website provides information about our company\u2019s products and services. <\/h4>\n\n\n\n<h4 class=\"wp-block-heading\">Commercial or professional regulations Austrian Trade Code (GewO) &#8211; <a href=\"http:\/\/www.ris.bka.gv.at\">http:\/\/www.ris.bka.gv.at<\/a><\/h4>\n\n\n\n<h4 class=\"wp-block-heading\"><strong>Data protection information<br><\/strong>Please read this statement carefully before using the website, as it explains how we collect, process and save personal data.<\/h4>\n\n\n\n<p>If you visit one of our web shops for the purpose of an order, it will be stored for the purpose of contract processing for a minimum period of 7 years. The saved data contains name address and contact possibility (telephone, email).<\/p>\n\n\n\n<p>If necessary for the execution of the contract, we transmit personal data to our supplier. For example an Assignment of orders to third- party service providers.<\/p>\n\n\n\n<p>You have the possibility to request any information about the data, stored about you, about the origin of the data, the recipients and about the purpose of storing this data at any time.<\/p>\n\n\n\n<p>In addition, you have the right of rectification, blocking or alteration in accordance with the statutory provisions till deletion of your data. Please contact us at the address <a href=\"mailto:info@floridofilm.com\">info@floridofilm.com<\/a>.<\/p>\n\n\n\n<p>We process and store all personal data that you transmit to us in the context of email enquiries (i.e. name, address, email address, telephone number, etc.) to carry out the contract you have requested as well as to further maintain costumer relationships. This data will be stored by us until your written request for deletion.&nbsp;<\/p>\n\n\n\n<p>Further personal data will only be collected if you provide information voluntarily, in the context of an inquiry, registration, for the conclusion of a contract or via the settings of your browser. Should we pass on data to external service providers, technical and organizational measures are taken to ensure that the transfer takes place in accordance with the legal provisions of data protection. The data processing takes place on the basis of the legal provisions of \u00a78DSG, \u00a796 TKG.<\/p>\n\n\n\n<p>This Privacy Policy will apply from 1\/2016. All future changes to our Privacy Policy will be posted on this website. You should therefore check these regularly for innovations or changes. If you have any questions, comments or other requests regarding this Privacy Policy, please contact us at the address<\/p>\n\n\n\n<h4 class=\"wp-block-heading\"><strong>Verwendung von Social Plug-Ins<br><\/strong>Auf dieser Website werden Social Plugins der sozialen Netzwerke Facebook (Facebook Inc., 1601 South California Avenue, Palo Alto, CA 94304, USA), Google Plus (Google Inc., 1600 Amphitheatre Parkway, Mountain View, CA 94043, USA)verwendet. Diese erm\u00f6glichen Ihnen insbesondere Inhalte der Website mit Ihren Netzwerk-Kontakten zu teilen. Aufgrund der Einbindung erhalten die Netzwerk-Anbieter die Information, dass<br>von Ihrer IP-Adresse die entsprechende Website unseres Internetangebots aufgerufen wurde. Sofern Sie bei den Netzwerken angemeldet sind, k\u00f6nnen die Netzwerk-Anbieter dar\u00fcber hinaus Ihren Besuch unserer Website Ihrem Netzwerk-Konto zuordnen.<\/h4>\n\n\n\n<h4 class=\"wp-block-heading\"><strong>Verwendung von Links<br><\/strong>Diese Website enth\u00e4lt Links zu anderen Websites oder Social Media Sites. Wenn Sie auf einen solchen Link klicken, der zu Websites von Dritten f\u00fchrt, ist zu beachten, dass diese Websites eigene Datenschutzbestimmungen haben.<\/h4>\n\n\n\n<p>Bitte \u00fcberpr\u00fcfen Sie die Datenschutzbestimmungen bei Verwendung dieser Websites, da wir keine wie immer geartete Verantwortung oder Haftung f\u00fcr Websites von Dritten \u00fcbernehmen.<\/p>\n\n\n\n<h4 class=\"Heading-h2 shared_content wp-block-heading\" id=\"u339799-2\"><strong>COOKIES<br><\/strong>Diese Website benutzt Google Analytics, einen Webanalysedienst der Google Inc. (\u201eGoogle\u201c). Google Analytics verwendet sog. \u201eCookies\u201c, Textdateien, die auf Ihrem Computer gespeichert werden und die eine Analyse der Nutzung dieser Website erm\u00f6glichen. Die durch den Cookie erzeugten Informationen \u00fcber Ihre Benutzung dieser Website werden in der Regel an einen Server von Google in den USA \u00fcbertragen und dort gespeichert. Ihre IP-Adresse wird von Google jedoch innerhalb von Mitgliedstaaten der Europ\u00e4ischen Union oder in anderen Vertragsstaaten des Abkommens \u00fcber den Europ\u00e4ischen Wirtschaftsraum zuvor gek\u00fcrzt. Nur in Ausnahmef\u00e4llen wird die volle IP-Adresse an einen Server von Google in den USA \u00fcbertragen und dort gek\u00fcrzt. Im Auftrag von KLICK GEHABT wird Google diese Informationen benutzen, um Ihre Nutzung der Website auszuwerten, um Reports \u00fcber die Websiteaktivit\u00e4ten zusammenzustellen und um weitere mit der Websitenutzung und der Internetnutzung verbundene Dienstleistungen gegen\u00fcber KLICK GEHABT zu erbringen. Die im Rahmen von Google Analytics von Ihrem Browser \u00fcbermittelte IP-Adresse wird nicht mit anderen Daten von Google zusammengef\u00fchrt. Sie k\u00f6nnen die Speicherung der Cookies durch eine entsprechende Einstellung Ihrer Browser-Software verhindern. Sie k\u00f6nnen dar\u00fcber hinaus die Erfassung der durch das Cookie erzeugten und auf Ihre Nutzung der Website bezogenen Daten (inkl. Ihrer IP-Adresse) an Google sowie die Verarbeitung dieser Daten durch Google verhindern, indem Sie das unter dem folgenden Link verf\u00fcgbare Browser-Plugin herunterladen und installieren:<\/h4>\n\n\n\n<figure class=\"wp-block-embed\"><div class=\"wp-block-embed__wrapper\">\nhttp:\/\/tools.google.com\/dlpage\/gaoptout?hl=at\n<\/div><\/figure>\n\n\n\n<p class=\"Body shared_content\">N\u00e4here Informationen hierzu finden Sie unter <a class=\"nonblock\" href=\"http:\/\/www.google.com\/intl\/de\/analytics\/privacyoverview.html\">http:\/\/www.google.com\/intl\/de\/analytics\/privacyoverview.html<\/a> (allgemeine Informationen zu Google Analytics und Datenschutz).<\/p>\n\n\n\n<h4 class=\"wp-block-heading\"><strong>Haftungsausschlu\u00df<br><\/strong>Obwohl wir uns um Aktualit\u00e4t, Vollst\u00e4ndigkeit und Richtigkeit der Inhalte unserer Seiten bem\u00fchen, k\u00f6nnen wir hierf\u00fcr keine Gew\u00e4hrleistung und\/oder Haftung \u00fcbernehmen.<\/h4>\n\n\n\n<p>Wir \u00fcbernehmen keine Haftung f\u00fcr allf\u00e4llige Nachteile und\/oder Sch\u00e4den, die durch den Gebrauch dieser Website entstehen k\u00f6nnten. Insbesondere ist jegliche Haftung f\u00fcr allenfalls fehlerhafte und unvollst\u00e4ndige Informationen ausgeschlossen. Sofern ein g\u00e4nzlicher Haftungsausschluss aufgrund der jeweils anzuwendenden Gesetzeslage nicht m\u00f6glich ist, wird die Haftung auf Vorsatz und grobe Fahrl\u00e4ssigkeit begrenzt.<\/p>\n\n\n\n<p>Unsere Seiten enthalten Links auf externe Webseiten Dritter. Auf die Inhalte dieser verlinkten Webseiten haben wir keinen Einfluss. F\u00fcr die Richtigkeit der Inhalte ist immer der jeweilige Anbieter oder Betreiber verantwortlich. Wir \u00fcbernehmen auch hierf\u00fcr keinerlei Haftung und\/oder Gew\u00e4hrleistung.<\/p>\n\n\n\n<p>Die fremden Webseiten haben wir zum Zeitpunkt der Verlinkung auf m\u00f6gliche Rechtsverst\u00f6\u00dfe, soweit es uns m\u00f6glich und zumutbar war, \u00fcberpr\u00fcft. Zum Zeitpunkt der Verlinkung waren f\u00fcr uns keine Rechtsverletzungen erkennbar. Eine st\u00e4ndige \u00dcberpr\u00fcfung s\u00e4mtlicher Inhalte der von uns verlinkten Seiten ohne tats\u00e4chliche Anhaltspunkte f\u00fcr einen Rechtsversto\u00df k\u00f6nnen wir nicht vornehmen. Falls uns Rechtsverletzungen bekannt werden, werden wir die entsprechenden Links umgehend entfernen.<\/p>\n","protected":false},"excerpt":{"rendered":"<p>Fotostudio Behavy &#8211; Floridofilm e.U. Owner: Peter C. Behavy Invoice address:&nbsp;&nbsp; 1210 Wien, Jedlersdorferstra\u00dfe 294\/2\/R04 Business address: 1210 Wien, Kummergasse 2\/2\/R04 Telephone: +43 (0)1\/974-68-99E-Mail: info@fotostudio-behavy.atUID-Nummer: ATU58945226DV-Nummer: 3003636Company Directory number: FN 329405 wPlace of jurisdiction: Vienna Member of the chamber of commerce:Federal Guild of Austrian Professional PhotographersFG Advertising and Market Communication Commercial sector other than regulated &#8230; <a title=\"Imprint\" class=\"read-more\" href=\"https:\/\/www.fotostudio-behavy.at\/en\/imprint\/\" aria-label=\"More on Imprint\">Read more<\/a><\/p>\n","protected":false},"author":5,"featured_media":0,"parent":0,"menu_order":17,"comment_status":"closed","ping_status":"closed","template":"","meta":{"advgb_blocks_editor_width":"","advgb_blocks_columns_visual_guide":"","footnotes":""},"yoast_head":"<!-- This site is optimized with the Yoast SEO plugin v24.5 - https:\/\/yoast.com\/wordpress\/plugins\/seo\/ -->\n<title>Imprint - Fotostudio Behavy<\/title>\n<meta name=\"robots\" content=\"index, follow, max-snippet:-1, max-image-preview:large, max-video-preview:-1\" \/>\n<link rel=\"canonical\" href=\"https:\/\/www.fotostudio-behavy.at\/en\/imprint\/\" \/>\n<meta property=\"og:locale\" content=\"en_US\" \/>\n<meta property=\"og:type\" content=\"article\" \/>\n<meta property=\"og:title\" content=\"Imprint - Fotostudio Behavy\" \/>\n<meta property=\"og:description\" content=\"Fotostudio Behavy &#8211; Floridofilm e.U. Owner: Peter C. Behavy Invoice address:&nbsp;&nbsp; 1210 Wien, Jedlersdorferstra\u00dfe 294\/2\/R04 Business address: 1210 Wien, Kummergasse 2\/2\/R04 Telephone: +43 (0)1\/974-68-99E-Mail: info@fotostudio-behavy.atUID-Nummer: ATU58945226DV-Nummer: 3003636Company Directory number: FN 329405 wPlace of jurisdiction: Vienna Member of the chamber of commerce:Federal Guild of Austrian Professional PhotographersFG Advertising and Market Communication Commercial sector other than regulated ... Read more\" \/>\n<meta property=\"og:url\" content=\"https:\/\/www.fotostudio-behavy.at\/en\/imprint\/\" \/>\n<meta property=\"og:site_name\" content=\"Fotostudio Behavy\" \/>\n<meta property=\"article:modified_time\" content=\"2023-01-09T13:02:21+00:00\" \/>\n<meta property=\"og:image\" content=\"https:\/\/www.fotostudio-behavy.at\/wp-content\/uploads\/2016\/02\/Behavy07.jpg\" \/>\n<meta name=\"twitter:card\" content=\"summary_large_image\" \/>\n<meta name=\"twitter:label1\" content=\"Est. reading time\" \/>\n\t<meta name=\"twitter:data1\" content=\"7 minutes\" \/>\n<script type=\"application\/ld+json\" class=\"yoast-schema-graph\">{\"@context\":\"https:\/\/schema.org\",\"@graph\":[{\"@type\":\"WebPage\",\"@id\":\"https:\/\/www.fotostudio-behavy.at\/en\/imprint\/\",\"url\":\"https:\/\/www.fotostudio-behavy.at\/en\/imprint\/\",\"name\":\"Imprint - Fotostudio Behavy\",\"isPartOf\":{\"@id\":\"https:\/\/www.fotostudio-behavy.at\/#website\"},\"primaryImageOfPage\":{\"@id\":\"https:\/\/www.fotostudio-behavy.at\/en\/imprint\/#primaryimage\"},\"image\":{\"@id\":\"https:\/\/www.fotostudio-behavy.at\/en\/imprint\/#primaryimage\"},\"thumbnailUrl\":\"https:\/\/www.fotostudio-behavy.at\/wp-content\/uploads\/2016\/02\/Behavy07.jpg\",\"datePublished\":\"2020-06-15T15:22:56+00:00\",\"dateModified\":\"2023-01-09T13:02:21+00:00\",\"breadcrumb\":{\"@id\":\"https:\/\/www.fotostudio-behavy.at\/en\/imprint\/#breadcrumb\"},\"inLanguage\":\"en-US\",\"potentialAction\":[{\"@type\":\"ReadAction\",\"target\":[\"https:\/\/www.fotostudio-behavy.at\/en\/imprint\/\"]}]},{\"@type\":\"ImageObject\",\"inLanguage\":\"en-US\",\"@id\":\"https:\/\/www.fotostudio-behavy.at\/en\/imprint\/#primaryimage\",\"url\":\"https:\/\/www.fotostudio-behavy.at\/wp-content\/uploads\/2016\/02\/Behavy07.jpg\",\"contentUrl\":\"https:\/\/www.fotostudio-behavy.at\/wp-content\/uploads\/2016\/02\/Behavy07.jpg\"},{\"@type\":\"BreadcrumbList\",\"@id\":\"https:\/\/www.fotostudio-behavy.at\/en\/imprint\/#breadcrumb\",\"itemListElement\":[{\"@type\":\"ListItem\",\"position\":1,\"name\":\"Startseite\",\"item\":\"https:\/\/www.fotostudio-behavy.at\/en\/\"},{\"@type\":\"ListItem\",\"position\":2,\"name\":\"Imprint\"}]},{\"@type\":\"WebSite\",\"@id\":\"https:\/\/www.fotostudio-behavy.at\/#website\",\"url\":\"https:\/\/www.fotostudio-behavy.at\/\",\"name\":\"Fotostudio Behavy\",\"description\":\"Das freundliche Fotostudio in Floridsdorf\",\"publisher\":{\"@id\":\"https:\/\/www.fotostudio-behavy.at\/#organization\"},\"potentialAction\":[{\"@type\":\"SearchAction\",\"target\":{\"@type\":\"EntryPoint\",\"urlTemplate\":\"https:\/\/www.fotostudio-behavy.at\/?s={search_term_string}\"},\"query-input\":{\"@type\":\"PropertyValueSpecification\",\"valueRequired\":true,\"valueName\":\"search_term_string\"}}],\"inLanguage\":\"en-US\"},{\"@type\":\"Organization\",\"@id\":\"https:\/\/www.fotostudio-behavy.at\/#organization\",\"name\":\"Fotostudio Behavy\",\"url\":\"https:\/\/www.fotostudio-behavy.at\/\",\"logo\":{\"@type\":\"ImageObject\",\"inLanguage\":\"en-US\",\"@id\":\"https:\/\/www.fotostudio-behavy.at\/#\/schema\/logo\/image\/\",\"url\":\"https:\/\/www.fotostudio-behavy.at\/wp-content\/uploads\/2019\/07\/fotostudio-logo-small.png\",\"contentUrl\":\"https:\/\/www.fotostudio-behavy.at\/wp-content\/uploads\/2019\/07\/fotostudio-logo-small.png\",\"width\":213,\"height\":70,\"caption\":\"Fotostudio Behavy\"},\"image\":{\"@id\":\"https:\/\/www.fotostudio-behavy.at\/#\/schema\/logo\/image\/\"}}]}<\/script>\n<!-- \/ Yoast SEO plugin. -->","yoast_head_json":{"title":"Imprint - Fotostudio Behavy","robots":{"index":"index","follow":"follow","max-snippet":"max-snippet:-1","max-image-preview":"max-image-preview:large","max-video-preview":"max-video-preview:-1"},"canonical":"https:\/\/www.fotostudio-behavy.at\/en\/imprint\/","og_locale":"en_US","og_type":"article","og_title":"Imprint - Fotostudio Behavy","og_description":"Fotostudio Behavy &#8211; Floridofilm e.U. Owner: Peter C. Behavy Invoice address:&nbsp;&nbsp; 1210 Wien, Jedlersdorferstra\u00dfe 294\/2\/R04 Business address: 1210 Wien, Kummergasse 2\/2\/R04 Telephone: +43 (0)1\/974-68-99E-Mail: info@fotostudio-behavy.atUID-Nummer: ATU58945226DV-Nummer: 3003636Company Directory number: FN 329405 wPlace of jurisdiction: Vienna Member of the chamber of commerce:Federal Guild of Austrian Professional PhotographersFG Advertising and Market Communication Commercial sector other than regulated ... Read more","og_url":"https:\/\/www.fotostudio-behavy.at\/en\/imprint\/","og_site_name":"Fotostudio Behavy","article_modified_time":"2023-01-09T13:02:21+00:00","og_image":[{"url":"https:\/\/www.fotostudio-behavy.at\/wp-content\/uploads\/2016\/02\/Behavy07.jpg","type":"","width":"","height":""}],"twitter_card":"summary_large_image","twitter_misc":{"Est. reading time":"7 minutes"},"schema":{"@context":"https:\/\/schema.org","@graph":[{"@type":"WebPage","@id":"https:\/\/www.fotostudio-behavy.at\/en\/imprint\/","url":"https:\/\/www.fotostudio-behavy.at\/en\/imprint\/","name":"Imprint - Fotostudio Behavy","isPartOf":{"@id":"https:\/\/www.fotostudio-behavy.at\/#website"},"primaryImageOfPage":{"@id":"https:\/\/www.fotostudio-behavy.at\/en\/imprint\/#primaryimage"},"image":{"@id":"https:\/\/www.fotostudio-behavy.at\/en\/imprint\/#primaryimage"},"thumbnailUrl":"https:\/\/www.fotostudio-behavy.at\/wp-content\/uploads\/2016\/02\/Behavy07.jpg","datePublished":"2020-06-15T15:22:56+00:00","dateModified":"2023-01-09T13:02:21+00:00","breadcrumb":{"@id":"https:\/\/www.fotostudio-behavy.at\/en\/imprint\/#breadcrumb"},"inLanguage":"en-US","potentialAction":[{"@type":"ReadAction","target":["https:\/\/www.fotostudio-behavy.at\/en\/imprint\/"]}]},{"@type":"ImageObject","inLanguage":"en-US","@id":"https:\/\/www.fotostudio-behavy.at\/en\/imprint\/#primaryimage","url":"https:\/\/www.fotostudio-behavy.at\/wp-content\/uploads\/2016\/02\/Behavy07.jpg","contentUrl":"https:\/\/www.fotostudio-behavy.at\/wp-content\/uploads\/2016\/02\/Behavy07.jpg"},{"@type":"BreadcrumbList","@id":"https:\/\/www.fotostudio-behavy.at\/en\/imprint\/#breadcrumb","itemListElement":[{"@type":"ListItem","position":1,"name":"Startseite","item":"https:\/\/www.fotostudio-behavy.at\/en\/"},{"@type":"ListItem","position":2,"name":"Imprint"}]},{"@type":"WebSite","@id":"https:\/\/www.fotostudio-behavy.at\/#website","url":"https:\/\/www.fotostudio-behavy.at\/","name":"Fotostudio Behavy","description":"Das freundliche Fotostudio in Floridsdorf","publisher":{"@id":"https:\/\/www.fotostudio-behavy.at\/#organization"},"potentialAction":[{"@type":"SearchAction","target":{"@type":"EntryPoint","urlTemplate":"https:\/\/www.fotostudio-behavy.at\/?s={search_term_string}"},"query-input":{"@type":"PropertyValueSpecification","valueRequired":true,"valueName":"search_term_string"}}],"inLanguage":"en-US"},{"@type":"Organization","@id":"https:\/\/www.fotostudio-behavy.at\/#organization","name":"Fotostudio Behavy","url":"https:\/\/www.fotostudio-behavy.at\/","logo":{"@type":"ImageObject","inLanguage":"en-US","@id":"https:\/\/www.fotostudio-behavy.at\/#\/schema\/logo\/image\/","url":"https:\/\/www.fotostudio-behavy.at\/wp-content\/uploads\/2019\/07\/fotostudio-logo-small.png","contentUrl":"https:\/\/www.fotostudio-behavy.at\/wp-content\/uploads\/2019\/07\/fotostudio-logo-small.png","width":213,"height":70,"caption":"Fotostudio Behavy"},"image":{"@id":"https:\/\/www.fotostudio-behavy.at\/#\/schema\/logo\/image\/"}}]}},"coauthors":[],"author_meta":{"author_link":"https:\/\/www.fotostudio-behavy.at\/en\/author\/pbehavy\/","display_name":"Peter Behavy"},"relative_dates":{"created":"Posted 6 years ago","modified":"Updated 3 years ago"},"absolute_dates":{"created":"Posted on 15. June 2020","modified":"Updated on 9. January 2023"},"absolute_dates_time":{"created":"Posted on 15. June 2020 17:22","modified":"Updated on 9. January 2023 14:02"},"featured_img_caption":"","featured_img":false,"series_order":"","_links":{"self":[{"href":"https:\/\/www.fotostudio-behavy.at\/en\/wp-json\/wp\/v2\/pages\/829"}],"collection":[{"href":"https:\/\/www.fotostudio-behavy.at\/en\/wp-json\/wp\/v2\/pages"}],"about":[{"href":"https:\/\/www.fotostudio-behavy.at\/en\/wp-json\/wp\/v2\/types\/page"}],"author":[{"embeddable":true,"href":"https:\/\/www.fotostudio-behavy.at\/en\/wp-json\/wp\/v2\/users\/5"}],"replies":[{"embeddable":true,"href":"https:\/\/www.fotostudio-behavy.at\/en\/wp-json\/wp\/v2\/comments?post=829"}],"version-history":[{"count":6,"href":"https:\/\/www.fotostudio-behavy.at\/en\/wp-json\/wp\/v2\/pages\/829\/revisions"}],"predecessor-version":[{"id":2503,"href":"https:\/\/www.fotostudio-behavy.at\/en\/wp-json\/wp\/v2\/pages\/829\/revisions\/2503"}],"wp:attachment":[{"href":"https:\/\/www.fotostudio-behavy.at\/en\/wp-json\/wp\/v2\/media?parent=829"}],"curies":[{"name":"wp","href":"https:\/\/api.w.org\/{rel}","templated":true}]}}